{"id":147,"date":"2011-07-10T15:51:13","date_gmt":"2011-07-10T15:51:13","guid":{"rendered":"http:\/\/www.calafnuances.es\/?page_id=147"},"modified":"2017-12-11T10:35:12","modified_gmt":"2017-12-11T09:35:12","slug":"aplicaciones-cliente","status":"publish","type":"page","link":"https:\/\/www.calafnuances.com\/es\/aromas-industria-alimentaria\/aplicaciones-cliente\/","title":{"rendered":"Aplicaciones cliente"},"content":{"rendered":"<p>A nuestra amplia experiencia y conocimiento de los aromas y sus sutilezas unimos una total comprensi\u00f3n de la industria alimentaria y sus procesos, lo que nos permite presentar soluciones optimizadas espec\u00edficamente dise\u00f1adas y desarrolladas para cada cliente y aplicaci\u00f3n.<\/p>\n<p>Una atenci\u00f3n continuada a las necesidades del mercado de consumo y las necesidades de la industria alimentaria nos permite dirigir la investigaci\u00f3n a las \u00e1reas de mayor inter\u00e9s, y as\u00ed anticipar soluciones para nuestros clientes.<\/p>\n","protected":false},"excerpt":{"rendered":"<p>A nuestra amplia experiencia y conocimiento de los aromas y sus sutilezas unimos una total comprensi\u00f3n de la industria alimentaria y sus procesos, lo que nos permite presentar soluciones optimizadas espec\u00edficamente dise\u00f1adas y desarrolladas para cada cliente y aplicaci\u00f3n.<\/p>\n","protected":false},"author":5,"featured_media":1350,"parent":7,"menu_order":40,"comment_status":"open","ping_status":"closed","template":"page-applications-matrix-2.php","meta":{"_acf_changed":false,"footnotes":""},"yst_prominent_words":[11,421,450,449,10,8,328,326,452,35,419,331,273,21,453,451],"class_list":["post-147","page","type-page","status-publish","has-post-thumbnail","hentry"],"acf":[],"_links":{"self":[{"href":"https:\/\/www.calafnuances.com\/es\/wp-json\/wp\/v2\/pages\/147"}],"collection":[{"href":"https:\/\/www.calafnuances.com\/es\/wp-json\/wp\/v2\/pages"}],"about":[{"href":"https:\/\/www.calafnuances.com\/es\/wp-json\/wp\/v2\/types\/page"}],"author":[{"embeddable":true,"href":"https:\/\/www.calafnuances.com\/es\/wp-json\/wp\/v2\/users\/5"}],"replies":[{"embeddable":true,"href":"https:\/\/www.calafnuances.com\/es\/wp-json\/wp\/v2\/comments?post=147"}],"version-history":[{"count":5,"href":"https:\/\/www.calafnuances.com\/es\/wp-json\/wp\/v2\/pages\/147\/revisions"}],"predecessor-version":[{"id":1598,"href":"https:\/\/www.calafnuances.com\/es\/wp-json\/wp\/v2\/pages\/147\/revisions\/1598"}],"up":[{"embeddable":true,"href":"https:\/\/www.calafnuances.com\/es\/wp-json\/wp\/v2\/pages\/7"}],"wp:featuredmedia":[{"embeddable":true,"href":"https:\/\/www.calafnuances.com\/es\/wp-json\/wp\/v2\/media\/1350"}],"wp:attachment":[{"href":"https:\/\/www.calafnuances.com\/es\/wp-json\/wp\/v2\/media?parent=147"}],"wp:term":[{"taxonomy":"yst_prominent_words","embeddable":true,"href":"https:\/\/www.calafnuances.com\/es\/wp-json\/wp\/v2\/yst_prominent_words?post=147"}],"curies":[{"name":"wp","href":"https:\/\/api.w.org\/{rel}","templated":true}]}}