{"id":1509,"date":"2017-11-13T11:58:29","date_gmt":"2017-11-13T10:58:29","guid":{"rendered":"http:\/\/www.calafnuances.com\/?page_id=1509\/"},"modified":"2024-07-16T10:15:24","modified_gmt":"2024-07-16T09:15:24","slug":"certificaciones","status":"publish","type":"page","link":"https:\/\/www.calafnuances.com\/es\/certificaciones\/","title":{"rendered":"Certificaciones"},"content":{"rendered":"<p>Nuestros procesos de calidad forman parte de la filosof\u00eda de nuestra empresa. Todo el equipo los aplica rigurosamente y adem\u00e1s de ser conducidos por el departamento espec\u00edfico, cuentan con el aval de organismos externos.<\/p>\n<p>Contamos con las certificaciones ISO 9001 e ISO FSSC 22000 que nos acredita a escala internacional en cuestiones de calidad y seguridad alimentaria. Mediante la garant\u00eda de estos sellos, Calaf Nuances refuerza su compromiso con sus clientes y proveedores ofreciendo un producto con un reconocimiento de calidad que se transfiere a los productos finales a los que van \u00a0\u00a0destinados nuestras creaciones.<\/p>\n<p>Asimismo, tambi\u00e9n disponemos de la certificaci\u00f3n ISO 14000, que asegura que la actividad de Calaf Nuances cumple con una serie de est\u00e1ndares que garantizan la protecci\u00f3n y respeto por el medio ambiente.\u00a0 Mantenemos un control f\u00e9rreo de control de residuos y limpieza, as\u00ed como de al\u00e9rgenos, adem\u00e1s de asegurar un servicio \u00f3ptimo en la gesti\u00f3n comercial y de compras, de transporte, en la producci\u00f3n y en el departamento de I+D y calidad.<\/p>\n<p>Siempre con el objetivo de seguir ofreciendo un servicio y producto impecable, en Calaf Nuances seguimos trabajando para brindar a\u00fan una mejor actuaci\u00f3n en todas las \u00e1reas en la que nuestra actividad se ve implicada, ya sea a nivel interno o externo.<\/p>\n<p>Consulta nuestra certificaciones a continuaci\u00f3n:<\/p>\n<p><a class=\"button large\" href=\"https:\/\/www.calafnuances.com\/wp-content\/uploads\/2024\/07\/Certificado-ISO-9001-Calaf-Nuances-20240703.pdf\" target=\"_blank\" rel=\"noopener noreferrer\"><i class=\"fa fa-file-pdf-o\"><\/i> SGS ISO 9001:2015<\/a><\/p>\n<p><a class=\"button large\" href=\"https:\/\/www.calafnuances.com\/wp-content\/uploads\/2024\/07\/Certificado-ISO-14001-Calaf-Nuances-20240703.pdf\" target=\"_blank\" rel=\"noopener noreferrer\"><i class=\"fa fa-file-pdf-o\"><\/i> SGS ISO 14001:2015<\/a><\/p>\n<p><a class=\"button large\" href=\"https:\/\/www.calafnuances.com\/wp-content\/uploads\/2024\/07\/Certificado-ISO-FSSC-22000-Calaf-Nuances-20240522.pdf\" target=\"_blank\" rel=\"noopener noreferrer\"><i class=\"fa fa-file-pdf-o\"><\/i> SGS ISO FSSC 22000<\/a><\/p>\n","protected":false},"excerpt":{"rendered":"<p>Nuestros procesos de calidad forman parte de la filosof\u00eda de nuestra empresa. Todo el equipo los aplica rigurosamente y adem\u00e1s de ser conducidos por el departamento espec\u00edfico, cuentan con el aval de organismos externos. Contamos con las certificaciones ISO 9001 e ISO FSSC 22000 que nos acredita a escala internacional en cuestiones de calidad y [&hellip;]<\/p>\n","protected":false},"author":4,"featured_media":1778,"parent":0,"menu_order":0,"comment_status":"closed","ping_status":"closed","template":"","meta":{"_acf_changed":false,"footnotes":""},"yst_prominent_words":[467,459,71,69,460,457,454,421,458,432,260,253,259,258,72,447,456,641,252,455],"class_list":["post-1509","page","type-page","status-publish","has-post-thumbnail","hentry"],"acf":[],"_links":{"self":[{"href":"https:\/\/www.calafnuances.com\/es\/wp-json\/wp\/v2\/pages\/1509"}],"collection":[{"href":"https:\/\/www.calafnuances.com\/es\/wp-json\/wp\/v2\/pages"}],"about":[{"href":"https:\/\/www.calafnuances.com\/es\/wp-json\/wp\/v2\/types\/page"}],"author":[{"embeddable":true,"href":"https:\/\/www.calafnuances.com\/es\/wp-json\/wp\/v2\/users\/4"}],"replies":[{"embeddable":true,"href":"https:\/\/www.calafnuances.com\/es\/wp-json\/wp\/v2\/comments?post=1509"}],"version-history":[{"count":16,"href":"https:\/\/www.calafnuances.com\/es\/wp-json\/wp\/v2\/pages\/1509\/revisions"}],"predecessor-version":[{"id":1871,"href":"https:\/\/www.calafnuances.com\/es\/wp-json\/wp\/v2\/pages\/1509\/revisions\/1871"}],"wp:featuredmedia":[{"embeddable":true,"href":"https:\/\/www.calafnuances.com\/es\/wp-json\/wp\/v2\/media\/1778"}],"wp:attachment":[{"href":"https:\/\/www.calafnuances.com\/es\/wp-json\/wp\/v2\/media?parent=1509"}],"wp:term":[{"taxonomy":"yst_prominent_words","embeddable":true,"href":"https:\/\/www.calafnuances.com\/es\/wp-json\/wp\/v2\/yst_prominent_words?post=1509"}],"curies":[{"name":"wp","href":"https:\/\/api.w.org\/{rel}","templated":true}]}}