{"id":1518,"date":"2017-11-13T12:34:53","date_gmt":"2017-11-13T11:34:53","guid":{"rendered":"http:\/\/www.calafnuances.com\/?page_id=1518\/"},"modified":"2017-12-11T11:30:52","modified_gmt":"2017-12-11T10:30:52","slug":"aromas-clean-label-para-la-industria-alimentaria","status":"publish","type":"page","link":"https:\/\/www.calafnuances.com\/es\/aromas-clean-label-para-la-industria-alimentaria\/","title":{"rendered":"Aromas clean label para la industria alimentaria"},"content":{"rendered":"<p>El gusto est\u00e1 presente en m\u00faltiples campo, est\u00e9ticos o no: la moda, la arquitectura o la pintura, o incluso en un gesto, unas palabras o una comida. En todos los \u00e1mbitos, el factor decisivo es el buen criterio.<\/p>\n<p>En Calaf Nuances, nos basamos en estos criterios para ofrecer aromas para la industria alimentaria que aporten las caracter\u00edsticas deseadas en cada producto y que, adem\u00e1s, contribuyan a respetar la salud y el medio ambiente. Asimismo, siempre con el fin de brindar aromas ricos en matices y con el sabor deseado, creamos soluciones aplicables para productos sin az\u00facar con requisitos espec\u00edficos, libres de E y MSGs.<\/p>\n","protected":false},"excerpt":{"rendered":"<p>El gusto est\u00e1 presente en m\u00faltiples campo, est\u00e9ticos o no: la moda, la arquitectura o la pintura, o incluso en un gesto, unas palabras o una comida. En todos los \u00e1mbitos, el factor decisivo es el buen criterio. En Calaf Nuances, nos basamos en estos criterios para ofrecer aromas para la industria alimentaria que aporten [&hellip;]<\/p>\n","protected":false},"author":4,"featured_media":1522,"parent":0,"menu_order":0,"comment_status":"closed","ping_status":"closed","template":"","meta":{"_acf_changed":false,"footnotes":""},"yst_prominent_words":[17,457,331],"class_list":["post-1518","page","type-page","status-publish","has-post-thumbnail","hentry"],"acf":[],"_links":{"self":[{"href":"https:\/\/www.calafnuances.com\/es\/wp-json\/wp\/v2\/pages\/1518"}],"collection":[{"href":"https:\/\/www.calafnuances.com\/es\/wp-json\/wp\/v2\/pages"}],"about":[{"href":"https:\/\/www.calafnuances.com\/es\/wp-json\/wp\/v2\/types\/page"}],"author":[{"embeddable":true,"href":"https:\/\/www.calafnuances.com\/es\/wp-json\/wp\/v2\/users\/4"}],"replies":[{"embeddable":true,"href":"https:\/\/www.calafnuances.com\/es\/wp-json\/wp\/v2\/comments?post=1518"}],"version-history":[{"count":5,"href":"https:\/\/www.calafnuances.com\/es\/wp-json\/wp\/v2\/pages\/1518\/revisions"}],"predecessor-version":[{"id":1589,"href":"https:\/\/www.calafnuances.com\/es\/wp-json\/wp\/v2\/pages\/1518\/revisions\/1589"}],"wp:featuredmedia":[{"embeddable":true,"href":"https:\/\/www.calafnuances.com\/es\/wp-json\/wp\/v2\/media\/1522"}],"wp:attachment":[{"href":"https:\/\/www.calafnuances.com\/es\/wp-json\/wp\/v2\/media?parent=1518"}],"wp:term":[{"taxonomy":"yst_prominent_words","embeddable":true,"href":"https:\/\/www.calafnuances.com\/es\/wp-json\/wp\/v2\/yst_prominent_words?post=1518"}],"curies":[{"name":"wp","href":"https:\/\/api.w.org\/{rel}","templated":true}]}}