{"id":17,"date":"2011-07-08T11:27:08","date_gmt":"2011-07-08T11:27:08","guid":{"rendered":"http:\/\/www.calafnuances.es\/?page_id=17"},"modified":"2018-01-25T12:24:14","modified_gmt":"2018-01-25T11:24:14","slug":"quienes-somos","status":"publish","type":"page","link":"https:\/\/www.calafnuances.com\/es\/sobre-calaf-nuances\/quienes-somos\/","title":{"rendered":"Qui\u00e9nes somos"},"content":{"rendered":"<h3 style=\"text-align: left;\"><strong>Somos especialistas en aromas para la industria alimentaria<\/strong><\/h3>\n<p>Desde 1998, Calaf Nuances est\u00e1 al servicio de la industria alimentaria, proporcionando aromas y soluciones dise\u00f1adas para cada cliente o aplicaci\u00f3n.<\/p>\n<p>Los aromas que desarrollamos est\u00e1n basados en n\u00facleos arom\u00e1ticos obtenidos a nivel molecular mediante tecnolog\u00eda propia.<\/p>\n<h3><strong>Analizamos el mercado y producimos soluciones alimentarias<\/strong><\/h3>\n<p>La industria alimentaria se caracteriza por su dinamismo, por lo que las tendencias de mercado son clave. Nuestro equipo de qu\u00edmicos, ingenieros qu\u00edmicos, tecn\u00f3logos de los alimentos y bi\u00f3logos trabajan codo con codo con nuestros expertos en marketing y legislaci\u00f3n, teniendo en cuenta las tendencias y mercados de consumo para presentar la soluci\u00f3n m\u00e1s \u00f3ptima en cada caso.<\/p>\n<p>Adem\u00e1s de tecnolog\u00edas punteras propias, los recursos de Calaf Nuances incluyen acuerdo de colaboraci\u00f3n con relevantes centros tencol\u00f3gicos y laboratorios externos.<\/p>\n","protected":false},"excerpt":{"rendered":"<p>Somos especialistas en aromas para la industria alimentaria. Desde 1998 Calaf nuances est\u00e1 al servicio de la industria de alimentaci\u00f3n, bebidas y proveedores de aditivos para alimentaci\u00f3n, a quienes proporcionamos soluciones espec\u00edficamente dise\u00f1adas para cada cliente y aplicaci\u00f3n.<\/p>\n","protected":false},"author":5,"featured_media":1353,"parent":713,"menu_order":10,"comment_status":"open","ping_status":"closed","template":"","meta":{"_acf_changed":false,"footnotes":""},"yst_prominent_words":[11,17,13,71,69,44,394,10,8,328,326,333,399,72,331,620,21,43],"class_list":["post-17","page","type-page","status-publish","has-post-thumbnail","hentry"],"acf":[],"_links":{"self":[{"href":"https:\/\/www.calafnuances.com\/es\/wp-json\/wp\/v2\/pages\/17"}],"collection":[{"href":"https:\/\/www.calafnuances.com\/es\/wp-json\/wp\/v2\/pages"}],"about":[{"href":"https:\/\/www.calafnuances.com\/es\/wp-json\/wp\/v2\/types\/page"}],"author":[{"embeddable":true,"href":"https:\/\/www.calafnuances.com\/es\/wp-json\/wp\/v2\/users\/5"}],"replies":[{"embeddable":true,"href":"https:\/\/www.calafnuances.com\/es\/wp-json\/wp\/v2\/comments?post=17"}],"version-history":[{"count":13,"href":"https:\/\/www.calafnuances.com\/es\/wp-json\/wp\/v2\/pages\/17\/revisions"}],"predecessor-version":[{"id":1617,"href":"https:\/\/www.calafnuances.com\/es\/wp-json\/wp\/v2\/pages\/17\/revisions\/1617"}],"up":[{"embeddable":true,"href":"https:\/\/www.calafnuances.com\/es\/wp-json\/wp\/v2\/pages\/713"}],"wp:featuredmedia":[{"embeddable":true,"href":"https:\/\/www.calafnuances.com\/es\/wp-json\/wp\/v2\/media\/1353"}],"wp:attachment":[{"href":"https:\/\/www.calafnuances.com\/es\/wp-json\/wp\/v2\/media?parent=17"}],"wp:term":[{"taxonomy":"yst_prominent_words","embeddable":true,"href":"https:\/\/www.calafnuances.com\/es\/wp-json\/wp\/v2\/yst_prominent_words?post=17"}],"curies":[{"name":"wp","href":"https:\/\/api.w.org\/{rel}","templated":true}]}}