{"id":21,"date":"2011-07-08T11:27:23","date_gmt":"2011-07-08T11:27:23","guid":{"rendered":"http:\/\/www.calafnuances.es\/?page_id=21"},"modified":"2017-10-10T11:21:09","modified_gmt":"2017-10-10T10:21:09","slug":"nuestros-aromas","status":"publish","type":"page","link":"https:\/\/www.calafnuances.com\/es\/aromas-industria-alimentaria\/nuestros-aromas\/","title":{"rendered":"Nuestros aromas"},"content":{"rendered":"<p>Los aromas para la industria alimentaria de Calaf Nuances est\u00e1n especialmente dise\u00f1ados para cada cliente y cada aplicaci\u00f3n. Obtenemos los aromas a nivel molecular, a trav\u00e9s de nuestra propia creatividad y nuestra tecnolog\u00eda de vanguardia. Adem\u00e1s, nuestros aromas permiten mejorar el sabor de un producto,\u00a0 modular la sensaci\u00f3n de boca, intensificar el sabor y evitar notas desagradables.<\/p>\n<p>De los embutidos a las pastas saladas, de los snacks a las conservas, productos de confiter\u00eda, l\u00e1cteos o bebidas, proporcionamos aromas para cualquier aplicaci\u00f3n de cliente incluyendo productos bajos en sal, bajos en calor\u00edas o productos naturales.<\/p>\n","protected":false},"excerpt":{"rendered":"<p>Los aromas de Calaf nuances est\u00e1n especialmente dise\u00f1ados para cada cliente y cada aplicaci\u00f3n. Obtenemos los aromas a nivel molecular, a trav\u00e9s de nuestra propia creatividad y nuestra tecnolog\u00eda de vanguardia.<\/p>\n","protected":false},"author":5,"featured_media":1347,"parent":7,"menu_order":30,"comment_status":"open","ping_status":"closed","template":"page-flavours-matrix-2.php","meta":{"_acf_changed":false,"footnotes":""},"yst_prominent_words":[14,17,553,448,445,13,272,417,446,444,447,331,185,194],"class_list":["post-21","page","type-page","status-publish","has-post-thumbnail","hentry"],"acf":[],"_links":{"self":[{"href":"https:\/\/www.calafnuances.com\/es\/wp-json\/wp\/v2\/pages\/21"}],"collection":[{"href":"https:\/\/www.calafnuances.com\/es\/wp-json\/wp\/v2\/pages"}],"about":[{"href":"https:\/\/www.calafnuances.com\/es\/wp-json\/wp\/v2\/types\/page"}],"author":[{"embeddable":true,"href":"https:\/\/www.calafnuances.com\/es\/wp-json\/wp\/v2\/users\/5"}],"replies":[{"embeddable":true,"href":"https:\/\/www.calafnuances.com\/es\/wp-json\/wp\/v2\/comments?post=21"}],"version-history":[{"count":5,"href":"https:\/\/www.calafnuances.com\/es\/wp-json\/wp\/v2\/pages\/21\/revisions"}],"predecessor-version":[{"id":1498,"href":"https:\/\/www.calafnuances.com\/es\/wp-json\/wp\/v2\/pages\/21\/revisions\/1498"}],"up":[{"embeddable":true,"href":"https:\/\/www.calafnuances.com\/es\/wp-json\/wp\/v2\/pages\/7"}],"wp:featuredmedia":[{"embeddable":true,"href":"https:\/\/www.calafnuances.com\/es\/wp-json\/wp\/v2\/media\/1347"}],"wp:attachment":[{"href":"https:\/\/www.calafnuances.com\/es\/wp-json\/wp\/v2\/media?parent=21"}],"wp:term":[{"taxonomy":"yst_prominent_words","embeddable":true,"href":"https:\/\/www.calafnuances.com\/es\/wp-json\/wp\/v2\/yst_prominent_words?post=21"}],"curies":[{"name":"wp","href":"https:\/\/api.w.org\/{rel}","templated":true}]}}