{"id":235,"date":"2011-07-14T07:17:26","date_gmt":"2011-07-14T07:17:26","guid":{"rendered":"http:\/\/www.calafnuances.es\/?page_id=235"},"modified":"2018-11-21T10:59:28","modified_gmt":"2018-11-21T09:59:28","slug":"calaf-nuances-certificaciones","status":"publish","type":"page","link":"https:\/\/www.calafnuances.com\/es\/calidad-y-sostenibilidadcompromiso-ambiental-comunidad\/calaf-nuances-certificaciones\/","title":{"rendered":"Certificaciones"},"content":{"rendered":"<p>Nuestros procesos de calidad forman parte de la filosof\u00eda de nuestra empresa. Todo el equipo los aplica rigurosamente y adem\u00e1s de ser conducidos por el departamento espec\u00edfico, cuentan con el aval de organismos externos.<\/p>\n<p>Contamos con las certificaciones ISO 9001:2008 e ISO FSSC 22000 que nos acredita a escala internacional en cuestiones de calidad y seguridad alimentaria. Mediante la garant\u00eda de estos sellos, Calaf Nuances refuerza su compromiso con sus clientes y proveedores ofreciendo un producto con un reconocimiento de calidad que se transfiere a los productos finales a los que van \u00a0\u00a0destinados nuestras creaciones.<\/p>\n<p>Mantenemos un control f\u00e9rreo de control de residuos y limpieza, as\u00ed como de al\u00e9rgenos, adem\u00e1s de asegurar un servicio \u00f3ptimo en la gesti\u00f3n comercial y de compras, de transporte, en la producci\u00f3n y en el departamento de I+D y calidad.<\/p>\n<p>Siempre con el objetivo de seguir ofreciendo un servicio y producto impecable, en Calaf Nuances seguimos trabajando para brindar a\u00fan una mejor actuaci\u00f3n en todas las \u00e1reas en la que nuestra actividad se ve implicada, ya sea a nivel interno o externo.<\/p>\n<p>Consulta nuestra certificaciones a continuaci\u00f3n:<\/p>\n<p><a class=\"button large\" href=\"http:\/\/www.calafnuances.com\/public_html\/wp-content\/uploads\/2018\/11\/Certificado-ISO-9001-Calaf-Nuances-20210703.pdf\" target=\"_blank\" rel=\"noopener\"><i class=\"fa fa-file-pdf-o\"><\/i> SGS ISO 9001:2008<\/a><\/p>\n<p><a class=\"button large\" href=\"http:\/\/www.calafnuances.com\/wp-content\/uploads\/2018\/09\/Certificado-ISO-14001-18-21.pdf\" target=\"_blank\" rel=\"noopener\"><i class=\"fa fa-file-pdf-o\"><\/i> SGS ISO 14001:2015<\/a><\/p>\n<p><a class=\"button large\" href=\"http:\/\/www.calafnuances.com\/public_html\/wp-content\/uploads\/2018\/11\/Certificado-ISO-FSSC-22000-Calaf-Nuances-20200711.pdf\" target=\"_blank\" rel=\"noopener\"><i class=\"fa fa-file-pdf-o\"><\/i> SGS ISO FSSC 22000<\/a><\/p>\n","protected":false},"excerpt":{"rendered":"<p>Para su comodidad, puede descargarse copias de nuestras certificaciones<\/p>\n","protected":false},"author":5,"featured_media":510,"parent":9,"menu_order":0,"comment_status":"open","ping_status":"closed","template":"","meta":{"_acf_changed":false,"footnotes":""},"yst_prominent_words":[467,459,71,69,460,466,457,454,464,458,432,260,253,255,259,258,447,456,252,455],"class_list":["post-235","page","type-page","status-publish","has-post-thumbnail","hentry"],"acf":[],"_links":{"self":[{"href":"https:\/\/www.calafnuances.com\/es\/wp-json\/wp\/v2\/pages\/235"}],"collection":[{"href":"https:\/\/www.calafnuances.com\/es\/wp-json\/wp\/v2\/pages"}],"about":[{"href":"https:\/\/www.calafnuances.com\/es\/wp-json\/wp\/v2\/types\/page"}],"author":[{"embeddable":true,"href":"https:\/\/www.calafnuances.com\/es\/wp-json\/wp\/v2\/users\/5"}],"replies":[{"embeddable":true,"href":"https:\/\/www.calafnuances.com\/es\/wp-json\/wp\/v2\/comments?post=235"}],"version-history":[{"count":7,"href":"https:\/\/www.calafnuances.com\/es\/wp-json\/wp\/v2\/pages\/235\/revisions"}],"predecessor-version":[{"id":1711,"href":"https:\/\/www.calafnuances.com\/es\/wp-json\/wp\/v2\/pages\/235\/revisions\/1711"}],"up":[{"embeddable":true,"href":"https:\/\/www.calafnuances.com\/es\/wp-json\/wp\/v2\/pages\/9"}],"wp:featuredmedia":[{"embeddable":true,"href":"https:\/\/www.calafnuances.com\/es\/wp-json\/wp\/v2\/media\/510"}],"wp:attachment":[{"href":"https:\/\/www.calafnuances.com\/es\/wp-json\/wp\/v2\/media?parent=235"}],"wp:term":[{"taxonomy":"yst_prominent_words","embeddable":true,"href":"https:\/\/www.calafnuances.com\/es\/wp-json\/wp\/v2\/yst_prominent_words?post=235"}],"curies":[{"name":"wp","href":"https:\/\/api.w.org\/{rel}","templated":true}]}}