{"id":63,"date":"2011-07-09T11:59:45","date_gmt":"2011-07-09T11:59:45","guid":{"rendered":"http:\/\/www.calafnuances.es\/?page_id=63"},"modified":"2018-07-12T11:24:43","modified_gmt":"2018-07-12T10:24:43","slug":"aviso-legal","status":"publish","type":"page","link":"https:\/\/www.calafnuances.com\/es\/aviso-legal\/","title":{"rendered":"Aviso legal"},"content":{"rendered":"<p>El presente sitio web es titularidad de CALAF NUANCES, S.L., fabricante de aromas para la industria de la alimentaci\u00f3n Registrado en el Registro Mercantil de Barcelona, VOLUMEN 31219, FOLIO 180, P\u00c1GINA B 190944, INSCRIPCI\u00d3N 10 y residiendo en Calaf (Barcelona, Espa\u00f1a), Isaac Newton, parc. 4B, Pol. Ind. Les Garrigues 08280 Calaf, CIF: B-61816997, mail de contacto <a href=\"mailto:info@calafnuances.com\">info@calafnuances.com<\/a><\/p>\n<h3>Condiciones de Uso<\/h3>\n<p>Qui\u00e9n acceda al sitio web de CALAF NUANCES (Usuario) lo hace bajo su exclusiva responsabilidad y con plena aceptaci\u00f3n de las presentes condiciones de uso as\u00ed como de cualquier otra que se haga constar en el mismo, y se compromete a realizar un uso leal de los servicios, medios e informaci\u00f3n que se ponen a su alcance comprometi\u00e9ndose a no realizar ninguna actividad il\u00edcita, ilegal o contraria a la buena fe, los usos com\u00fanmente aceptados y el orden p\u00fablico.<\/p>\n<p>El Usuario responder\u00e1 de los da\u00f1os y perjuicios de toda naturaleza que CALAF NUANCES pueda sufrir como consecuencia del incumplimiento de cualquiera de las obligaciones a las que queda sometido por las presentes condiciones.<\/p>\n<p>Especialmente el usuario se compromete a:<\/p>\n<ul>\n<li>No realizar ninguna actividad que pueda perjudicar directa o indirectamente a CALAF NUANCES o al uso y acceso al presente sitio web.<\/li>\n<li>No reproducir, distribuir ni modificar los contenidos del presente sitio web sin la debida autorizaci\u00f3n, ni vulnerar ning\u00fan derecho sobre los mismos pertenecientes a CALAF NUANCES o a sus leg\u00edtimos titulares.<\/li>\n<li>No utilizar los contenidos de este sitio web con fines comerciales o publicitarios.<\/li>\n<li>No tratar de acceder a los contenidos del sitio web empleando medios procedimientos diferentes a los puestos a su disposici\u00f3n al efecto o a los habitualmente empleados en la red siempre que no entra\u00f1en un riesgo para el sitio web.<\/li>\n<li>CALAF NUANCES se reserva el derecho a modificar unilateralmente y en cualquier momento las condiciones de uso de su sitio web, reserv\u00e1ndose igualmente el derecho a suspender, interrumpir o dejar sin funcionamiento su sitio web o cualquiera de los contenidos, informaci\u00f3n o servicios que en \u00e9l se prestan as\u00ed como las condiciones de acceso a los mismos.<\/li>\n<\/ul>\n<h3>Hiperv\u00ednculos<\/h3>\n<p>Quienes pretendan establecer hiperv\u00ednculo, link o enlace con este sitio web desde otro sitio web deber\u00e1n respetar las siguientes condiciones:<\/p>\n<ul>\n<li>No se establecer\u00e1n links m\u00e1s que a la p\u00e1gina principal de este sitio web salvo autorizaci\u00f3n expresa de CALAF NUANCES quedando expresamente prohibido establecer deep-links, enlaces lMC o de imagen, frames o border enviroment.<\/li>\n<li>El link podr\u00e1 permitir el acceso a este sitio web pero no podr\u00e1n reproducirse sus servicios ni contenidos.<\/li>\n<li>La pagina web en la que se incluya el link no podr\u00e1 contener ninguna marca, nombre comercial, r\u00f3tulo de establecimiento, denominaci\u00f3n, logotipo, eslogan o signo distintivo pertenecientes a CALAF NUANCES o a terceros (a excepci\u00f3n hecha de aquellos signos que formen parte del mismo -hiperenlaces-) salvo autorizaci\u00f3n expresa de los afectados.<\/li>\n<li>El establecimiento del link no supone relaci\u00f3n alguna entre el titular u operador del sitio web desde el que se realice y CALAF NUANCES ni implica conocimiento, autorizaci\u00f3n ni consentimiento de CALAF NUANCES sobre los contenidos del sitio web desde el que se establezca el enlace.<\/li>\n<li>CALAF NUANCES no ser\u00e1 responsable de los contenidos o servicios ofrecidos en el sitio web del que parta el link ni responder\u00e1 de las consecuencias que pudieran derivarse del establecimiento de links hacia su sitio web por parte de terceros.<\/li>\n<\/ul>\n<p>Los enlaces o hiperv\u00ednculos establecidos desde el sitio web de CALAF NUANCES hacia los de terceras personas o entidades suponen una facilidad para la b\u00fasqueda de informaci\u00f3n que se pone a disposici\u00f3n de los usuarios, sin que implique en ning\u00fan caso sugerencia o invitaci\u00f3n a usar los mismos y sin que implique la aceptaci\u00f3n o responsabilidad de CALAF NUANCES sobre el contenido de los sitio webs a los que se dirige el enlace o sobre la operatividad del mismo.<\/p>\n<p>CALAF NUANCES no asume responsabilidad alguna ya sea directa, indirecta o subsidiaria de los da\u00f1os y perjuicios que puedan derivarse del acceso, licitud, veracidad, uso, calidad, fiabilidad y\/o utilidad de los contenidos o informaciones manifestados, existentes u ofrecidos que se hayan incluido en los hiperv\u00ednculos a los que se hace referencia en esta p\u00e1gina. El establecimiento del hiperv\u00ednculo no implica en ning\u00fan caso la existencia de relaciones entre CALAF NUANCES y el propietario de la p\u00e1gina Web en la que se establezca, ni la aceptaci\u00f3n y aprobaci\u00f3n por parte de CALAF NUANCES de sus contenidos o servicios all\u00ed ofrecidos puestos a disposici\u00f3n del p\u00fablico.<\/p>\n<h3>Pol\u00edtica de Privacidad<\/h3>\n<h3>Informaci\u00f3n adicional Protecci\u00f3n de Datos de Car\u00e1cter Personal<\/h3>\n<h4>1 RESPONSABLE<\/h4>\n<p>\u00bfQui\u00e9n es el Responsable del tratamiento de sus datos?<\/p>\n<p><strong>Identidad:<\/strong> CALAF NUANCES, S.L.<\/p>\n<p><strong>CIF:<\/strong> B-61816997<\/p>\n<p><strong>Direcci\u00f3n:<\/strong> C\/ Isaac Newton, parc. 4B, Pol. Ind. Les Garrigues C.P. 08280 Calaf<\/p>\n<p><strong>Tel.<\/strong> 938680900<\/p>\n<p><strong>e-mail:<\/strong> <a href=\"mailto:info@calafnuances.com\">info@calafnuances.com<\/a><\/p>\n<p><strong>\u00a0<\/strong><\/p>\n<h4>2 FINALIDAD<\/h4>\n<p><strong>\u00bfCon qu\u00e9 finalidad tratamos sus datos personales?<\/strong><\/p>\n<p>\u201cEn nuestra empresa tratamos la informaci\u00f3n que nos facilitan las personas interesadas con el fin de gestionar la relaci\u00f3n contractual y\/o comercial que nos vincula con el cliente, proveedor y personas de contacto, con la finalidad de gestionar la prestaci\u00f3n de servicios contratada, la gesti\u00f3n contable y la gesti\u00f3n comercial.<\/p>\n<p><strong>\u00bfPor cu\u00e1nto tiempo conservaremos sus datos?<\/strong><\/p>\n<p>\u201cLos datos personales proporcionados se conservar\u00e1n mientras se mantenga la relaci\u00f3n mercantil, y\/o se solicite su supresi\u00f3n por el interesado de forma expresa.<\/p>\n<p>Los datos meramente fiscales se conservar\u00e1n durante el plazo que establecen las leyes tributarias, de conservaci\u00f3n de facturas emitidas y recibidas.\u201d<\/p>\n<p>&nbsp;<\/p>\n<h4>3 LEGITIMACI\u00d3N<\/h4>\n<p><strong>\u00bfCu\u00e1l es la legitimaci\u00f3n para el tratamiento de sus datos?<\/strong><\/p>\n<p>\u201cLa base legal para el tratamiento de sus datos es la ejecuci\u00f3n de la relaci\u00f3n contractual \u00a0que une a ambas partes, seg\u00fan los t\u00e9rminos y condiciones que constan en el contrato de prestaci\u00f3n de servicios.\u201d<\/p>\n<p>La oferta prospectiva de productos y servicios est\u00e1 basada en el consentimiento que se le solicita, sin que en ning\u00fan caso la retirada de este consentimiento condicione la ejecuci\u00f3n del contrato de prestaci\u00f3n de servicios nos vincula.\u201d<\/p>\n<p>&nbsp;<\/p>\n<h4>4 DESTINATARIOS<\/h4>\n<p><strong>\u00bfA qu\u00e9 destinatarios se comunicar\u00e1n sus datos?<\/strong><\/p>\n<p>\u201cLos datos que nos comunique no ser\u00e1n cedidos a terceras empresas ni empresas del grupo, salvo que Usted haya consentido por escrito y expresamente la cesi\u00f3n de datos a las empresas que en todo caso consten en el documento de consentimiento de cesi\u00f3n de datos.<\/p>\n<p>&nbsp;<\/p>\n<h4>5 DERECHOS<\/h4>\n<p><strong>\u00bfCu\u00e1les son sus derechos cuando nos facilita sus datos?<\/strong><\/p>\n<p>\u201cCualquier persona tiene derecho a obtener confirmaci\u00f3n sobre si en nuestra empresa estamos tratando datos personales que les conciernan, o no.<\/p>\n<p>Las personas interesadas tienen derecho a acceder a sus datos personales, as\u00ed como a solicitar la rectificaci\u00f3n de los datos inexactos o, en su caso, solicitar su supresi\u00f3n cuando, entre otros motivos, los datos ya no sean necesarios para los fines que fueron recogidos.<\/p>\n<p>En determinadas circunstancias, los interesados podr\u00e1n solicitar la limitaci\u00f3n del tratamiento de sus datos, en cuyo caso \u00fanicamente los conservaremos para el ejercicio o la defensa de reclamaciones.<\/p>\n<p>En determinadas circunstancias y por motivos relacionados con su situaci\u00f3n particular, los interesados podr\u00e1n oponerse al tratamiento de sus datos. Nuestra empresa dejar\u00e1 de tratar los datos, salvo por motivos leg\u00edtimos imperiosos, o el ejercicio o la defensa de posibles reclamaciones.<\/p>\n<p>Pueden ejercer sus derechos de acceso, rectificaci\u00f3n, cancelaci\u00f3n, oposici\u00f3n, transparencia, supresi\u00f3n, limitaci\u00f3n y portabilidad, dirigi\u00e9ndose por escrito o por correo electr\u00f3nico en los datos facilitados en el apartado <strong><u>\u201c1 Responsable\u201d<\/u><\/strong><\/p>\n<p><strong>\u00a0<\/strong><\/p>\n<h4>6 PROCEDENCIA<\/h4>\n<p><strong>\u00bfC\u00f3mo hemos obtenido sus datos?<\/strong><\/p>\n<p>Los datos personales que tratamos en nuestra empresa proceden directamente de Usted, y existe su consentimiento expreso y por escrito para que nuestra empresa pueda obtener y tratar sus datos.<\/p>\n<p>A continuaci\u00f3n enumeramos los datos que podemos obtener de Usted, en funci\u00f3n de la prestaci\u00f3n de servicios que haya contratado con nosotros, con lo que esto no significa que tengamos todos estos datos suyos.<\/p>\n<p>Las categor\u00edas de datos que se tratan son:<\/p>\n<ul>\n<li>Datos de identificaci\u00f3n: nombre y apellidos \/ denominaci\u00f3n social, NIF\/CIF, direcciones postales o electr\u00f3nicas, tel\u00e9fono.<\/li>\n<li>Categor\u00eda profesional<\/li>\n<li>Informaci\u00f3n comercial<\/li>\n<li>Datos econ\u00f3micos<\/li>\n<li>Transacciones de bienes y servicios.<\/li>\n<\/ul>\n<p>No se tratan datos especialmente protegidos<\/p>\n<p>&nbsp;<\/p>\n<h3>Propiedad Intelectual e Industrial<\/h3>\n<p>Los diferentes contenidos y elementos que integran este sitio web incluyendo textos, im\u00e1genes, dise\u00f1os, sonidos, software, bases de datos, video etc. est\u00e1n protegidos por los derechos de propiedad intelectual que sobre ellos tiene CALAF NUANCES, derechos que los usuarios se comprometen a respetar no realizando ning\u00fan uso de los mismos que pudiera vulnerar tales derechos, como la copia, reproducci\u00f3n, alteraci\u00f3n, modificaci\u00f3n, difusi\u00f3n o comunicaci\u00f3n de los mismos.<\/p>\n<p>Los usuarios est\u00e1n autorizados a visualizar, imprimir, copiar o descargar los contenidos de este sitio web para un uso exclusivamente privado y personal de los mismos siempre que se cite el origen y autor de los mismos y en su caso el s\u00edmbolo del copyright, es decir deber\u00e1 incluirse siempre referencia a que es propiedad de CALAF NUANCES, o del titular que se indique. Se proh\u00edbe expresamente el uso de los elementos y contenidos de este sitio web con fines lucrativos o comerciales. Queda expresamente prohibida cualquier alteraci\u00f3n, cambio, modificaci\u00f3n o adaptaci\u00f3n de esta Web o de cualquier informaci\u00f3n que la misma contenga.<\/p>\n<p>Todas las marcas, nombres comerciales, logos etc. citados en esta p\u00e1gina web, tanto los de CALAF NUANCES como de terceros, se encuentran protegidos por las leyes de propiedad industrial.<\/p>\n<h3>Garant\u00edas y Exclusi\u00f3n de Responsabilidad<\/h3>\n<p>Las declaraciones contenidas en el sitio web de CALAF NUANCES no son una garant\u00eda en cuanto al rendimiento o idoneidad de ning\u00fan producto, ni deben ser consideradas como recomendaciones de uso de productos CALAF NUANCES en violaci\u00f3n de cualquier ley, patente o reglamento oficial relativa a fabricaci\u00f3n, composici\u00f3n, procedimientos locales de etiquetado, dise\u00f1o de producto o uso final. CALAF NUANCES no asume ninguna responsabilidad por cualquier error que pueda aparecer. Todos los productos se suministran sujetos a nuestras Condiciones Generales de Venta en vigor en el momento de los hechos.<\/p>\n<p>CALAF NUANCES no garantiza la disponibilidad ni el funcionamiento de este sitio web ni la idoneidad de sus contenidos, no siendo responsable en ning\u00fan caso de los posibles da\u00f1os o perjuicios que pudieran derivarse de:<\/p>\n<ul>\n<li>Falta de disponibilidad o de continuidad del funcionamiento del sitio web o sitios a los que se hubiera establecido un enlace.<\/li>\n<li>Fallos en los sistemas inform\u00e1ticos o de telecomunicaciones, fallos en el acceso a las distintas paginas web del site o a la existencia de virus o programas lesivos en los contenidos de este sitio web.<\/li>\n<li>Falta de idoneidad para las expectativas concretas de los usuarios de los servicios o contenidos de este sitio web.<\/li>\n<li>Acciones de otros usuarios o terceras personas que utilicen de modo il\u00edcito o contrario a la buena fe los contenidos y medios puestos a disposici\u00f3n en este sitio web o que contrar\u00eden de modo alguno las presentes condiciones generales.<\/li>\n<\/ul>\n<h3>Ley Aplicable y Jurisdicci\u00f3n<\/h3>\n<p>Las presentes condiciones de uso as\u00ed como la prestaci\u00f3n de servicios que pudiera realizarse a trav\u00e9s del sitio web de CALAF NUANCES estar\u00e1n sujetas a la legislaci\u00f3n espa\u00f1ola.<\/p>\n<p>Las partes con renuncia expresa a cualquier otro fuero que pudiera corresponderles acuerdan someterse a la Jurisdicci\u00f3n de los Juzgados y Tribunales de la ciudad de Cervera (Barcelona, Espa\u00f1a).<\/p>\n","protected":false},"excerpt":{"rendered":"<p>El presente sitio web es titularidad de CALAF NUANCES, S.L., fabricante de aromas para la industria de la alimentaci\u00f3n Registrado en el Registro Mercantil de Barcelona, VOLUMEN 31219, FOLIO 180, P\u00c1GINA B 190944, INSCRIPCI\u00d3N 10 y residiendo en Calaf (Barcelona, Espa\u00f1a), Isaac Newton, parc. 4B, Pol. Ind. Les Garrigues 08280 Calaf, CIF: B-61816997, mail de [&hellip;]<\/p>\n","protected":false},"author":5,"featured_media":0,"parent":0,"menu_order":100,"comment_status":"open","ping_status":"closed","template":"","meta":{"_acf_changed":false,"footnotes":""},"yst_prominent_words":[69,635,299,296,631,627,629,626,417,636,634,628,630,442,294,297,295,640,637,298],"class_list":["post-63","page","type-page","status-publish","hentry"],"acf":[],"_links":{"self":[{"href":"https:\/\/www.calafnuances.com\/es\/wp-json\/wp\/v2\/pages\/63"}],"collection":[{"href":"https:\/\/www.calafnuances.com\/es\/wp-json\/wp\/v2\/pages"}],"about":[{"href":"https:\/\/www.calafnuances.com\/es\/wp-json\/wp\/v2\/types\/page"}],"author":[{"embeddable":true,"href":"https:\/\/www.calafnuances.com\/es\/wp-json\/wp\/v2\/users\/5"}],"replies":[{"embeddable":true,"href":"https:\/\/www.calafnuances.com\/es\/wp-json\/wp\/v2\/comments?post=63"}],"version-history":[{"count":6,"href":"https:\/\/www.calafnuances.com\/es\/wp-json\/wp\/v2\/pages\/63\/revisions"}],"predecessor-version":[{"id":1667,"href":"https:\/\/www.calafnuances.com\/es\/wp-json\/wp\/v2\/pages\/63\/revisions\/1667"}],"wp:attachment":[{"href":"https:\/\/www.calafnuances.com\/es\/wp-json\/wp\/v2\/media?parent=63"}],"wp:term":[{"taxonomy":"yst_prominent_words","embeddable":true,"href":"https:\/\/www.calafnuances.com\/es\/wp-json\/wp\/v2\/yst_prominent_words?post=63"}],"curies":[{"name":"wp","href":"https:\/\/api.w.org\/{rel}","templated":true}]}}