{"id":9,"date":"2011-07-08T10:37:39","date_gmt":"2011-07-08T10:37:39","guid":{"rendered":"http:\/\/www.calafnuances.es\/?page_id=9"},"modified":"2017-12-11T10:42:42","modified_gmt":"2017-12-11T09:42:42","slug":"calidad-y-sostenibilidadcompromiso-ambiental-comunidad","status":"publish","type":"page","link":"https:\/\/www.calafnuances.com\/es\/calidad-y-sostenibilidadcompromiso-ambiental-comunidad\/","title":{"rendered":"Compromiso ambiental y con la comunidad"},"content":{"rendered":"<p>Nuestro objetivo es crear aromas para la industria alimentaria para mejorar la experiencia sensorial de los consumidores y aportar soluciones a nuestros clientes sin descuidar el respeto por el medio ambiente y el bienestar de la comunidad.<\/p>\n<p>Mediante la gesti\u00f3n externa de los residuos generados y el control de las emisiones hacia la atm\u00f3sfera, se lleva a cabo una tarea focalizada en minimizar el impacto en el entorno. Adem\u00e1s, siempre con el objetivo de reforzar nuestro compromiso con el medio ambiente, se desarrollan acciones que eval\u00faan y controlan el sistema de aguas de proceso.<\/p>\n<p>Asimismo, la satisfacci\u00f3n de nuestra plantilla as\u00ed como la integraci\u00f3n con la comunidad suponen dos prioridades a mantener para Calaf Nuances. Es por eso que se llevan a cabo cursos de formaci\u00f3n en distintos \u00e1mbitos para ofrecer herramientas que contribuyan al propio progreso. Calaf Nuances tambi\u00e9n colabora con distintas instituciones regionales con el objetivo de crear v\u00ednculos que trasciendan de la mera actividad industrial y se cristalicen en una mejora social de la comunidad.<\/p>\n","protected":false},"excerpt":{"rendered":"<p>Nuestro objetivo es crear aromas para la industria alimentaria para mejorar la experiencia sensorial de los consumidores y aportar soluciones a nuestros clientes sin descuidar el respeto por el medio ambiente y el bienestar de la comunidad. Mediante la gesti\u00f3n externa de los residuos generados y el control de las emisiones hacia la atm\u00f3sfera, se [&hellip;]<\/p>\n","protected":false},"author":5,"featured_media":1513,"parent":0,"menu_order":30,"comment_status":"open","ping_status":"closed","template":"","meta":{"_acf_changed":false,"footnotes":""},"yst_prominent_words":[69,584,457,575,572,421,574,417,578,573,581,576,577,585,579,426,583,582,331,580],"class_list":["post-9","page","type-page","status-publish","has-post-thumbnail","hentry"],"acf":[],"_links":{"self":[{"href":"https:\/\/www.calafnuances.com\/es\/wp-json\/wp\/v2\/pages\/9"}],"collection":[{"href":"https:\/\/www.calafnuances.com\/es\/wp-json\/wp\/v2\/pages"}],"about":[{"href":"https:\/\/www.calafnuances.com\/es\/wp-json\/wp\/v2\/types\/page"}],"author":[{"embeddable":true,"href":"https:\/\/www.calafnuances.com\/es\/wp-json\/wp\/v2\/users\/5"}],"replies":[{"embeddable":true,"href":"https:\/\/www.calafnuances.com\/es\/wp-json\/wp\/v2\/comments?post=9"}],"version-history":[{"count":14,"href":"https:\/\/www.calafnuances.com\/es\/wp-json\/wp\/v2\/pages\/9\/revisions"}],"predecessor-version":[{"id":1599,"href":"https:\/\/www.calafnuances.com\/es\/wp-json\/wp\/v2\/pages\/9\/revisions\/1599"}],"wp:featuredmedia":[{"embeddable":true,"href":"https:\/\/www.calafnuances.com\/es\/wp-json\/wp\/v2\/media\/1513"}],"wp:attachment":[{"href":"https:\/\/www.calafnuances.com\/es\/wp-json\/wp\/v2\/media?parent=9"}],"wp:term":[{"taxonomy":"yst_prominent_words","embeddable":true,"href":"https:\/\/www.calafnuances.com\/es\/wp-json\/wp\/v2\/yst_prominent_words?post=9"}],"curies":[{"name":"wp","href":"https:\/\/api.w.org\/{rel}","templated":true}]}}