{"id":1560,"date":"2017-12-05T12:39:36","date_gmt":"2017-12-05T11:39:36","guid":{"rendered":"http:\/\/www.calafnuances.com\/?page_id=1560\/"},"modified":"2017-12-11T11:31:23","modified_gmt":"2017-12-11T10:31:23","slug":"aromes-clean-label-pour-lindustrie-alimentaire","status":"publish","type":"page","link":"https:\/\/www.calafnuances.com\/fr\/aromes-clean-label-pour-lindustrie-alimentaire\/","title":{"rendered":"Ar\u00f4mes clean label pour l&rsquo;industrie alimentaire"},"content":{"rendered":"<p>Le go\u00fbt est pr\u00e9sent dans de multiples domaines, esth\u00e9tiques ou non: la mode, l&rsquo;architecture ou la peinture, ou m\u00eame dans un geste, un mot ou un repas. Dans tous les domaines, le facteur d\u00e9cisif est le bon jugement.<\/p>\n<p>Dans Calaf Nuances ces crit\u00e8res sont basiques pour offrir des ar\u00f4mes pour l\u2019industrie alimentaire qui apportent \u00e0 chaque produit des caract\u00e9ristiques souhait\u00e9s, en respectant la sant\u00e9 et l\u2019environnement. Toujours, afin d\u2019offrir des ar\u00f4mes pleins de nuances et avec la saveur attendu, en cr\u00e9ant solutions pour des produits avec restrictions de sant\u00e9, tels comme les produits sans sucres, sans num\u00e9ros E ou sans glutamate.<\/p>\n","protected":false},"excerpt":{"rendered":"<p>Le go\u00fbt est pr\u00e9sent dans de multiples domaines, esth\u00e9tiques ou non: la mode, l&rsquo;architecture ou la peinture, ou m\u00eame dans un geste, un mot ou un repas. Dans tous les domaines, le facteur d\u00e9cisif est le bon jugement. Dans Calaf Nuances ces crit\u00e8res sont basiques pour offrir des ar\u00f4mes pour l\u2019industrie alimentaire qui apportent \u00e0 [&hellip;]<\/p>\n","protected":false},"author":4,"featured_media":1524,"parent":0,"menu_order":0,"comment_status":"closed","ping_status":"closed","template":"","meta":{"_acf_changed":false,"footnotes":""},"yst_prominent_words":[108,143,619,72,165],"class_list":["post-1560","page","type-page","status-publish","has-post-thumbnail","hentry"],"acf":[],"_links":{"self":[{"href":"https:\/\/www.calafnuances.com\/fr\/wp-json\/wp\/v2\/pages\/1560"}],"collection":[{"href":"https:\/\/www.calafnuances.com\/fr\/wp-json\/wp\/v2\/pages"}],"about":[{"href":"https:\/\/www.calafnuances.com\/fr\/wp-json\/wp\/v2\/types\/page"}],"author":[{"embeddable":true,"href":"https:\/\/www.calafnuances.com\/fr\/wp-json\/wp\/v2\/users\/4"}],"replies":[{"embeddable":true,"href":"https:\/\/www.calafnuances.com\/fr\/wp-json\/wp\/v2\/comments?post=1560"}],"version-history":[{"count":3,"href":"https:\/\/www.calafnuances.com\/fr\/wp-json\/wp\/v2\/pages\/1560\/revisions"}],"predecessor-version":[{"id":1607,"href":"https:\/\/www.calafnuances.com\/fr\/wp-json\/wp\/v2\/pages\/1560\/revisions\/1607"}],"wp:featuredmedia":[{"embeddable":true,"href":"https:\/\/www.calafnuances.com\/fr\/wp-json\/wp\/v2\/media\/1524"}],"wp:attachment":[{"href":"https:\/\/www.calafnuances.com\/fr\/wp-json\/wp\/v2\/media?parent=1560"}],"wp:term":[{"taxonomy":"yst_prominent_words","embeddable":true,"href":"https:\/\/www.calafnuances.com\/fr\/wp-json\/wp\/v2\/yst_prominent_words?post=1560"}],"curies":[{"name":"wp","href":"https:\/\/api.w.org\/{rel}","templated":true}]}}