{"id":1564,"date":"2017-12-05T12:54:09","date_gmt":"2017-12-05T11:54:09","guid":{"rendered":"http:\/\/www.calafnuances.com\/?page_id=1564\/"},"modified":"2024-07-16T10:15:13","modified_gmt":"2024-07-16T09:15:13","slug":"certifications","status":"publish","type":"page","link":"https:\/\/www.calafnuances.com\/fr\/certifications\/","title":{"rendered":"Certifications"},"content":{"rendered":"<p>N\u00f4tres processus de qualit\u00e9 font partie de la n\u00f4tre philosophie d\u2019entreprise. Tout notre \u00e9quipe les applique rigoureusement et en plus d&rsquo;\u00eatre g\u00e9r\u00e9es par le d\u00e9partement sp\u00e9cifique, ils sont approuv\u00e9s par des organismes externes.<\/p>\n<p>Nous sommes certifi\u00e9es en ISO 9001 et ISO FSSC 22000, qui nous accr\u00e9ditent \u00e0 \u00e9chel\u00e9 international en mati\u00e8re de qualit\u00e9 et s\u00e9curit\u00e9 alimentaire. Avec ces garanties, Calaf Nuances renforce son engagement envers ses clients et fournisseurs en proposant un produit avec une reconnaissance de qualit\u00e9 qui est transf\u00e9r\u00e9 aux produits finals auxquels sont destin\u00e9es nos cr\u00e9ations.<\/p>\n<p>Nous avons un stricte control sur les plans de nettoyages et les d\u00e9chets, ainsi comme sur la gestion des allerg\u00e8nes. En assurant tout le temps, un service optimal sur la gestion commerciale, des transports, de la production et de la R &amp; D et de la qualit\u00e9.<\/p>\n<p>Toujours avec l&rsquo;objectif d&rsquo;offrir un service et un produit impeccable. Calaf Nuances continue travaillant pour vous offrir un meilleur actuation sur toutes les areas impact\u00e9es, internes ou externes.<\/p>\n<p><a class=\"button large\" href=\"https:\/\/www.calafnuances.com\/wp-content\/uploads\/2024\/07\/Certificado-ISO-9001-Calaf-Nuances-20240703.pdf\" target=\"_blank\" rel=\"noopener noreferrer\"><i class=\"fa fa-file-pdf-o\"><\/i> SGS ISO 9001:2015<\/a><\/p>\n<p><a class=\"button large\" href=\"https:\/\/www.calafnuances.com\/wp-content\/uploads\/2024\/07\/Certificado-ISO-14001-Calaf-Nuances-20240703.pdf\" target=\"_blank\" rel=\"noopener noreferrer\"><i class=\"fa fa-file-pdf-o\"><\/i> SGS ISO 14001:2015<\/a><\/p>\n<p><a class=\"button large\" href=\"https:\/\/www.calafnuances.com\/wp-content\/uploads\/2024\/07\/Certificado-ISO-FSSC-22000-Calaf-Nuances-20240522.pdf\" target=\"_blank\" rel=\"noopener noreferrer\"><i class=\"fa fa-file-pdf-o\"><\/i> SGS ISO FSSC 22000<\/a><\/p>\n","protected":false},"excerpt":{"rendered":"<p>N\u00f4tres processus de qualit\u00e9 font partie de la n\u00f4tre philosophie d\u2019entreprise. Tout notre \u00e9quipe les applique rigoureusement et en plus d&rsquo;\u00eatre g\u00e9r\u00e9es par le d\u00e9partement sp\u00e9cifique, ils sont approuv\u00e9s par des organismes externes. Nous sommes certifi\u00e9es en ISO 9001 et ISO FSSC 22000, qui nous accr\u00e9ditent \u00e0 \u00e9chel\u00e9 international en mati\u00e8re de qualit\u00e9 et s\u00e9curit\u00e9 [&hellip;]<\/p>\n","protected":false},"author":4,"featured_media":1777,"parent":0,"menu_order":0,"comment_status":"closed","ping_status":"closed","template":"","meta":{"_acf_changed":false,"footnotes":""},"yst_prominent_words":[614,71,69,421,607,612,606,615,260,253,259,258,610,72,613,252,609,605,608,611],"class_list":["post-1564","page","type-page","status-publish","has-post-thumbnail","hentry"],"acf":[],"_links":{"self":[{"href":"https:\/\/www.calafnuances.com\/fr\/wp-json\/wp\/v2\/pages\/1564"}],"collection":[{"href":"https:\/\/www.calafnuances.com\/fr\/wp-json\/wp\/v2\/pages"}],"about":[{"href":"https:\/\/www.calafnuances.com\/fr\/wp-json\/wp\/v2\/types\/page"}],"author":[{"embeddable":true,"href":"https:\/\/www.calafnuances.com\/fr\/wp-json\/wp\/v2\/users\/4"}],"replies":[{"embeddable":true,"href":"https:\/\/www.calafnuances.com\/fr\/wp-json\/wp\/v2\/comments?post=1564"}],"version-history":[{"count":13,"href":"https:\/\/www.calafnuances.com\/fr\/wp-json\/wp\/v2\/pages\/1564\/revisions"}],"predecessor-version":[{"id":1870,"href":"https:\/\/www.calafnuances.com\/fr\/wp-json\/wp\/v2\/pages\/1564\/revisions\/1870"}],"wp:featuredmedia":[{"embeddable":true,"href":"https:\/\/www.calafnuances.com\/fr\/wp-json\/wp\/v2\/media\/1777"}],"wp:attachment":[{"href":"https:\/\/www.calafnuances.com\/fr\/wp-json\/wp\/v2\/media?parent=1564"}],"wp:term":[{"taxonomy":"yst_prominent_words","embeddable":true,"href":"https:\/\/www.calafnuances.com\/fr\/wp-json\/wp\/v2\/yst_prominent_words?post=1564"}],"curies":[{"name":"wp","href":"https:\/\/api.w.org\/{rel}","templated":true}]}}