{"id":823,"date":"2017-02-21T17:08:00","date_gmt":"2017-02-21T16:08:00","guid":{"rendered":"http:\/\/www.calafnuances.com_es\/applications-client\/"},"modified":"2017-12-11T10:53:41","modified_gmt":"2017-12-11T09:53:41","slug":"applications-client","status":"publish","type":"page","link":"https:\/\/www.calafnuances.com\/fr\/les-aromes-sont-notre-monde\/applications-client\/","title":{"rendered":"Applications client"},"content":{"rendered":"<p>\u00c0 notre large exp\u00e9rience et connaissance des ar\u00f4mes s\u2019ajoute une compr\u00e9hension totale de l\u2019industrie alimentaire et de ses processus, ce qui nous permet de pr\u00e9senter des solutions optimis\u00e9es, con\u00e7ues et d\u00e9velopp\u00e9es de fa\u00e7on sp\u00e9cifique pour chaque client et application.<\/p>\n<p>Une r\u00e9ponse continue aux besoins du march\u00e9 de consommation et aux besoins de l\u2019industrie alimentaire nous permet de diriger la recherche vers des secteurs plus int\u00e9ressants et d\u2019avancer ainsi des solutions pour nos clients.<\/p>\n<p>Am\u00e9liorez votre produit en v\u00e9rifiant les sp\u00e9cifications et en contr\u00f4lant les co\u00fbts.<\/p>\n","protected":false},"excerpt":{"rendered":"<p>\u00c0 notre large exp\u00e9rience et connaissance des ar\u00f4mes s\u2019ajoute une compr\u00e9hension totale de l\u2019industrie alimentaire et de ses processus, ce qui nous permet de pr\u00e9senter des solutions optimis\u00e9es, con\u00e7ues et d\u00e9velopp\u00e9es de fa\u00e7on sp\u00e9cifique pour chaque client et application.<\/p>\n","protected":false},"author":5,"featured_media":1352,"parent":836,"menu_order":40,"comment_status":"open","ping_status":"closed","template":"page-applications-matrix-2.php","meta":{"_acf_changed":false,"footnotes":""},"yst_prominent_words":[],"class_list":["post-823","page","type-page","status-publish","has-post-thumbnail","hentry"],"acf":[],"_links":{"self":[{"href":"https:\/\/www.calafnuances.com\/fr\/wp-json\/wp\/v2\/pages\/823"}],"collection":[{"href":"https:\/\/www.calafnuances.com\/fr\/wp-json\/wp\/v2\/pages"}],"about":[{"href":"https:\/\/www.calafnuances.com\/fr\/wp-json\/wp\/v2\/types\/page"}],"author":[{"embeddable":true,"href":"https:\/\/www.calafnuances.com\/fr\/wp-json\/wp\/v2\/users\/5"}],"replies":[{"embeddable":true,"href":"https:\/\/www.calafnuances.com\/fr\/wp-json\/wp\/v2\/comments?post=823"}],"version-history":[{"count":3,"href":"https:\/\/www.calafnuances.com\/fr\/wp-json\/wp\/v2\/pages\/823\/revisions"}],"predecessor-version":[{"id":1602,"href":"https:\/\/www.calafnuances.com\/fr\/wp-json\/wp\/v2\/pages\/823\/revisions\/1602"}],"up":[{"embeddable":true,"href":"https:\/\/www.calafnuances.com\/fr\/wp-json\/wp\/v2\/pages\/836"}],"wp:featuredmedia":[{"embeddable":true,"href":"https:\/\/www.calafnuances.com\/fr\/wp-json\/wp\/v2\/media\/1352"}],"wp:attachment":[{"href":"https:\/\/www.calafnuances.com\/fr\/wp-json\/wp\/v2\/media?parent=823"}],"wp:term":[{"taxonomy":"yst_prominent_words","embeddable":true,"href":"https:\/\/www.calafnuances.com\/fr\/wp-json\/wp\/v2\/yst_prominent_words?post=823"}],"curies":[{"name":"wp","href":"https:\/\/api.w.org\/{rel}","templated":true}]}}