{"id":825,"date":"2017-02-21T17:10:03","date_gmt":"2017-02-21T16:10:03","guid":{"rendered":"http:\/\/www.calafnuances.com_es\/notre-technologie\/"},"modified":"2017-04-10T16:05:40","modified_gmt":"2017-04-10T15:05:40","slug":"notre-technologie","status":"publish","type":"page","link":"https:\/\/www.calafnuances.com\/fr\/les-aromes-sont-notre-monde\/notre-technologie\/","title":{"rendered":"Notre technologie"},"content":{"rendered":"<p><strong>Tous les ar\u00f4mes que nous d\u00e9veloppons \u00e0 Calaf Nuances, qu\u2019ils soient primaires ( Ar\u00f4mes d\u2019aliments crus) ou secondaires ( ar\u00f4mes d\u2019aliments cuits ), ils son bas\u00e9s en nucl\u00e9oles aromatiques lesquels nous obtenons \u00e0 niveau mol\u00e9culaire avec notre propre technologie.<\/strong><\/p>\n<p>Les substances aromatiques peuvent \u00eatre obtenues \u00e0 partir de diff\u00e9rentes sources : microbiologiques (levure, etc.), animaux (extraits, prot\u00e9ines hydrolys\u00e9es), v\u00e9g\u00e9taux (huiles essentiels, extraits, jus) et \u00e0 travers des processus chimiques \u2013 ar\u00f4mes artificiels et naturels identiques.<\/p>\n<p>Les ol\u00e9or\u00e9sines et les huiles essentiels peuvent \u00eatre r\u00e9cup\u00e9r\u00e9s par distillation et rectification, rin\u00e7age, pression \u00e0 froid ou extraction par CO2 ; cette derni\u00e8re proc\u00e9dure ne laisse aucune trace de dissolvant et maintient en m\u00eame temps un go\u00fbt r\u00e9el. Des proc\u00e9dures biotechnologiques (fermentation, proc\u00e9dures enzymatiques, culture de cellules v\u00e9g\u00e9tales, ADN recombinant, ing\u00e9nierie g\u00e9n\u00e9tique) sont \u00e9galement utilis\u00e9es dans l\u2019obtention d\u2019ar\u00f4mes naturels.<\/p>\n<p>Les ar\u00f4mes synth\u00e9tiques exigent, apr\u00e8s la s\u00e9lection de l\u2019\u00e9chantillon, des proc\u00e9dures telles que la s\u00e9paration, la concentration, le fractionnement et la s\u00e9paration (chromatographie), suivis par l\u2019identification (spectroscopie IR, chromatographie liquide \u2013 spectroscopie de masses, chromatographie de gaz \u2013 spectroscopie de masses, r\u00e9sonance magn\u00e9tique nucl\u00e9aire). Lorsque les ar\u00f4mes sont naturels identiques, apr\u00e8s la synth\u00e8se on passe \u00e0 l\u2019identification, la confirmation, l\u2019\u00e9valuation sensorielle et l\u2019interpr\u00e9tation des donn\u00e9es.<\/p>\n<p>Parmi les technologies employ\u00e9es il faut mentionner \u00e9galement la biotransformation, la transformation thermique (Maillard), l\u2019encapsulation par atomisation, la distillation et la concentration.<\/p>\n","protected":false},"excerpt":{"rendered":"<p>Tous les ar\u00f4mes que nous d\u00e9veloppons \u00e0 Calaf Nuances, qu\u2019ils soient primaires ( Ar\u00f4mes d\u2019aliments crus) ou secondaires ( ar\u00f4mes d\u2019aliments cuits ), ils son bas\u00e9s en nucl\u00e9oles aromatiques lesquels nous obtenons \u00e0 niveau mol\u00e9culaire avec notre propre technologie.<\/p>\n","protected":false},"author":5,"featured_media":1343,"parent":836,"menu_order":10,"comment_status":"open","ping_status":"closed","template":"","meta":{"_acf_changed":false,"footnotes":""},"yst_prominent_words":[],"class_list":["post-825","page","type-page","status-publish","has-post-thumbnail","hentry"],"acf":[],"_links":{"self":[{"href":"https:\/\/www.calafnuances.com\/fr\/wp-json\/wp\/v2\/pages\/825"}],"collection":[{"href":"https:\/\/www.calafnuances.com\/fr\/wp-json\/wp\/v2\/pages"}],"about":[{"href":"https:\/\/www.calafnuances.com\/fr\/wp-json\/wp\/v2\/types\/page"}],"author":[{"embeddable":true,"href":"https:\/\/www.calafnuances.com\/fr\/wp-json\/wp\/v2\/users\/5"}],"replies":[{"embeddable":true,"href":"https:\/\/www.calafnuances.com\/fr\/wp-json\/wp\/v2\/comments?post=825"}],"version-history":[{"count":2,"href":"https:\/\/www.calafnuances.com\/fr\/wp-json\/wp\/v2\/pages\/825\/revisions"}],"predecessor-version":[{"id":1394,"href":"https:\/\/www.calafnuances.com\/fr\/wp-json\/wp\/v2\/pages\/825\/revisions\/1394"}],"up":[{"embeddable":true,"href":"https:\/\/www.calafnuances.com\/fr\/wp-json\/wp\/v2\/pages\/836"}],"wp:featuredmedia":[{"embeddable":true,"href":"https:\/\/www.calafnuances.com\/fr\/wp-json\/wp\/v2\/media\/1343"}],"wp:attachment":[{"href":"https:\/\/www.calafnuances.com\/fr\/wp-json\/wp\/v2\/media?parent=825"}],"wp:term":[{"taxonomy":"yst_prominent_words","embeddable":true,"href":"https:\/\/www.calafnuances.com\/fr\/wp-json\/wp\/v2\/yst_prominent_words?post=825"}],"curies":[{"name":"wp","href":"https:\/\/api.w.org\/{rel}","templated":true}]}}