{"id":831,"date":"2017-02-21T17:28:41","date_gmt":"2017-02-21T16:28:41","guid":{"rendered":"http:\/\/www.calafnuances.com_es\/nos-aromes\/"},"modified":"2024-10-30T17:34:49","modified_gmt":"2024-10-30T16:34:49","slug":"nos-aromes","status":"publish","type":"page","link":"https:\/\/www.calafnuances.com\/fr\/les-aromes-sont-notre-monde\/nos-aromes\/","title":{"rendered":"Nos ar\u00f4mes"},"content":{"rendered":"<p>Les ar\u00f4mes Calaf Nuances sont sp\u00e9cialement con\u00e7us pour chaque client et chaque application. Nous obtenons les ar\u00f4mes au niveau mol\u00e9culaire \u00e0 travers notre propre cr\u00e9ativit\u00e9 et notre technologie d\u2019avant-garde.<\/p>\n<p>Nous fabriquons une gamme compl\u00e8te d\u2019ar\u00f4mes artificiels, naturels identiques et naturels.<\/p>\n<p>Depuis la charcuterie jusqu\u2019aux p\u00e2tes sal\u00e9es, depuis les snacks jusqu\u2019aux conserves, la confiserie, les produits lact\u00e9s ou les boissons, nous fournissons des ar\u00f4mes pour toute application client, y compris les produits faibles en sel, en calories ou les produits naturels.<\/p>\n<p>Aussi bien si l\u2019intention est d\u2019am\u00e9liorer le go\u00fbt que de moduler la sensation en bouche, intensifier le go\u00fbt ou \u00e9viter des notes d\u00e9sagr\u00e9ables, nous vous pr\u00e9senterons la meilleure solution.<\/p>\n","protected":false},"excerpt":{"rendered":"<p>Les ar\u00f4mes Calaf nuances sont sp\u00e9cialement con\u00e7us pour chaque client et chaque application. Nous obtenons les ar\u00f4mes au niveau mol\u00e9culaire \u00e0 travers notre propre cr\u00e9ativit\u00e9 et notre technologie d\u2019avant-garde.<\/p>\n","protected":false},"author":5,"featured_media":1349,"parent":836,"menu_order":30,"comment_status":"open","ping_status":"closed","template":"page-flavours-matrix-2.php","meta":{"_acf_changed":false,"footnotes":""},"yst_prominent_words":[262,108,599,554,600,601,66,597,596,271,106,598,165],"class_list":["post-831","page","type-page","status-publish","has-post-thumbnail","hentry"],"acf":[],"_links":{"self":[{"href":"https:\/\/www.calafnuances.com\/fr\/wp-json\/wp\/v2\/pages\/831"}],"collection":[{"href":"https:\/\/www.calafnuances.com\/fr\/wp-json\/wp\/v2\/pages"}],"about":[{"href":"https:\/\/www.calafnuances.com\/fr\/wp-json\/wp\/v2\/types\/page"}],"author":[{"embeddable":true,"href":"https:\/\/www.calafnuances.com\/fr\/wp-json\/wp\/v2\/users\/5"}],"replies":[{"embeddable":true,"href":"https:\/\/www.calafnuances.com\/fr\/wp-json\/wp\/v2\/comments?post=831"}],"version-history":[{"count":5,"href":"https:\/\/www.calafnuances.com\/fr\/wp-json\/wp\/v2\/pages\/831\/revisions"}],"predecessor-version":[{"id":1898,"href":"https:\/\/www.calafnuances.com\/fr\/wp-json\/wp\/v2\/pages\/831\/revisions\/1898"}],"up":[{"embeddable":true,"href":"https:\/\/www.calafnuances.com\/fr\/wp-json\/wp\/v2\/pages\/836"}],"wp:featuredmedia":[{"embeddable":true,"href":"https:\/\/www.calafnuances.com\/fr\/wp-json\/wp\/v2\/media\/1349"}],"wp:attachment":[{"href":"https:\/\/www.calafnuances.com\/fr\/wp-json\/wp\/v2\/media?parent=831"}],"wp:term":[{"taxonomy":"yst_prominent_words","embeddable":true,"href":"https:\/\/www.calafnuances.com\/fr\/wp-json\/wp\/v2\/yst_prominent_words?post=831"}],"curies":[{"name":"wp","href":"https:\/\/api.w.org\/{rel}","templated":true}]}}