{"id":832,"date":"2017-02-21T17:29:08","date_gmt":"2017-02-21T16:29:08","guid":{"rendered":"http:\/\/www.calafnuances.com_es\/notre-savoir-faire\/"},"modified":"2017-04-10T15:55:10","modified_gmt":"2017-04-10T14:55:10","slug":"notre-savoir-faire","status":"publish","type":"page","link":"https:\/\/www.calafnuances.com\/fr\/calaf-nuances\/notre-savoir-faire\/","title":{"rendered":"Notre savoir-faire"},"content":{"rendered":"<p><strong>L\u2019\u00e9quipe de Calaf nuances poss\u00e8de une exp\u00e9rience de plus d\u2019une d\u00e9cennie de travail dans et pour l\u2019industrie alimentaire. A nos connaissances exhaustives des ar\u00f4mes s\u2019ajoute une profonde compr\u00e9hension des processus de l\u2019industrie alimentaire et de la totalit\u00e9 de votre cha\u00eene de valeur, ce qui nous permet de concevoir le meilleur produit pour chaque application.<\/strong><\/p>\n<p>Notre \u00e9quipe multidisciplinaire est compos\u00e9e de biologistes, chimistes sp\u00e9cialistes dans l\u2019alimentation, sp\u00e9cialistes en ar\u00f4mes, experts en l\u00e9gislation et experts en marketing, une \u00e9troite collaboration qui nous permet de pr\u00e9senter des ar\u00f4mes innovateurs pour la totalit\u00e9 de l\u2019industrie de l\u2019alimentation et des boissons.<\/p>\n","protected":false},"excerpt":{"rendered":"<p>L\u2019\u00e9quipe de Calaf nuances poss\u00e8de une exp\u00e9rience de plus d\u2019une d\u00e9cennie de travail dans et pour l\u2019industrie alimentaire. A nos connaissances exhaustives des ar\u00f4mes s\u2019ajoute une profonde compr\u00e9hension des processus de l\u2019industrie alimentaire et de la totalit\u00e9 de votre cha\u00eene de valeur, ce qui nous permet de concevoir le meilleur produit pour chaque application.<\/p>\n","protected":false},"author":5,"featured_media":1358,"parent":837,"menu_order":20,"comment_status":"open","ping_status":"closed","template":"","meta":{"_acf_changed":false,"footnotes":""},"yst_prominent_words":[],"class_list":["post-832","page","type-page","status-publish","has-post-thumbnail","hentry"],"acf":[],"_links":{"self":[{"href":"https:\/\/www.calafnuances.com\/fr\/wp-json\/wp\/v2\/pages\/832"}],"collection":[{"href":"https:\/\/www.calafnuances.com\/fr\/wp-json\/wp\/v2\/pages"}],"about":[{"href":"https:\/\/www.calafnuances.com\/fr\/wp-json\/wp\/v2\/types\/page"}],"author":[{"embeddable":true,"href":"https:\/\/www.calafnuances.com\/fr\/wp-json\/wp\/v2\/users\/5"}],"replies":[{"embeddable":true,"href":"https:\/\/www.calafnuances.com\/fr\/wp-json\/wp\/v2\/comments?post=832"}],"version-history":[{"count":1,"href":"https:\/\/www.calafnuances.com\/fr\/wp-json\/wp\/v2\/pages\/832\/revisions"}],"predecessor-version":[{"id":1389,"href":"https:\/\/www.calafnuances.com\/fr\/wp-json\/wp\/v2\/pages\/832\/revisions\/1389"}],"up":[{"embeddable":true,"href":"https:\/\/www.calafnuances.com\/fr\/wp-json\/wp\/v2\/pages\/837"}],"wp:featuredmedia":[{"embeddable":true,"href":"https:\/\/www.calafnuances.com\/fr\/wp-json\/wp\/v2\/media\/1358"}],"wp:attachment":[{"href":"https:\/\/www.calafnuances.com\/fr\/wp-json\/wp\/v2\/media?parent=832"}],"wp:term":[{"taxonomy":"yst_prominent_words","embeddable":true,"href":"https:\/\/www.calafnuances.com\/fr\/wp-json\/wp\/v2\/yst_prominent_words?post=832"}],"curies":[{"name":"wp","href":"https:\/\/api.w.org\/{rel}","templated":true}]}}