{"id":833,"date":"2017-02-21T17:29:35","date_gmt":"2017-02-21T16:29:35","guid":{"rendered":"http:\/\/www.calafnuances.com_es\/qui-sommes-nous\/"},"modified":"2024-10-30T17:33:09","modified_gmt":"2024-10-30T16:33:09","slug":"qui-sommes-nous","status":"publish","type":"page","link":"https:\/\/www.calafnuances.com\/fr\/calaf-nuances\/qui-sommes-nous\/","title":{"rendered":"Qui sommes-nous ?"},"content":{"rendered":"<p><strong>Nous sommes des sp\u00e9cialistes en ar\u00f4mes pour l\u2019industrie alimentaire. Depuis 1998 Calaf Nuances est au service de l\u2019industrie de l\u2019alimentation et les boissons et des fournisseurs d\u2019additifs pour l\u2019alimentation, en offrant des solutions con\u00e7ues sp\u00e9cifiquement pour chaque client et application.<\/strong><\/p>\n<p>Les ar\u00f4mes d\u00e9velopp\u00e9s ont leur base sur des noyaux aromatiques obtenus au niveau mol\u00e9culaire \u00e0 travers la technologie propri\u00e9taire.<\/p>\n<p>Nous sommes pleinement conscients que l\u2019industrie alimentaire se caract\u00e9rise par son dynamisme et que les tendances du march\u00e9 sont essentielles. Notre \u00e9quipe de biologistes et chimistes sp\u00e9cialistes en alimentation travaillent conjointement avec nos experts en marketing et l\u00e9gislation, en consid\u00e9rant toujours les tendances et les march\u00e9s de consommation et en pr\u00e9sentant toujours des solutions optimis\u00e9es.<\/p>\n<p>Outre nos propres technologies de pointe, les ressources de Calaf Nuances incluent des accords de collaboration avec des centres technologiques et des laboratoires externes importants.<\/p>\n<p>Les ar\u00f4mes personnalis\u00e9s, le support continu, la rapidit\u00e9 et la flexibilit\u00e9 constituent notre d\u2019identit\u00e9. Contactez-nous. Nous avons la solution ad\u00e9quate pour votre application.<\/p>\n","protected":false},"excerpt":{"rendered":"<p>Nous sommes des sp\u00e9cialistes en ar\u00f4mes pour l\u2019industrie alimentaire. Depuis 1998 Calaf nuances est au service de l\u2019industrie de l\u2019alimentation et les boissons et des fournisseurs d\u2019additifs pour l\u2019alimentation, en offrant des solutions con\u00e7ues sp\u00e9cifiquement pour chaque client et application.<\/p>\n","protected":false},"author":5,"featured_media":1355,"parent":837,"menu_order":10,"comment_status":"open","ping_status":"closed","template":"","meta":{"_acf_changed":false,"footnotes":""},"yst_prominent_words":[],"class_list":["post-833","page","type-page","status-publish","has-post-thumbnail","hentry"],"acf":[],"_links":{"self":[{"href":"https:\/\/www.calafnuances.com\/fr\/wp-json\/wp\/v2\/pages\/833"}],"collection":[{"href":"https:\/\/www.calafnuances.com\/fr\/wp-json\/wp\/v2\/pages"}],"about":[{"href":"https:\/\/www.calafnuances.com\/fr\/wp-json\/wp\/v2\/types\/page"}],"author":[{"embeddable":true,"href":"https:\/\/www.calafnuances.com\/fr\/wp-json\/wp\/v2\/users\/5"}],"replies":[{"embeddable":true,"href":"https:\/\/www.calafnuances.com\/fr\/wp-json\/wp\/v2\/comments?post=833"}],"version-history":[{"count":2,"href":"https:\/\/www.calafnuances.com\/fr\/wp-json\/wp\/v2\/pages\/833\/revisions"}],"predecessor-version":[{"id":1896,"href":"https:\/\/www.calafnuances.com\/fr\/wp-json\/wp\/v2\/pages\/833\/revisions\/1896"}],"up":[{"embeddable":true,"href":"https:\/\/www.calafnuances.com\/fr\/wp-json\/wp\/v2\/pages\/837"}],"wp:featuredmedia":[{"embeddable":true,"href":"https:\/\/www.calafnuances.com\/fr\/wp-json\/wp\/v2\/media\/1355"}],"wp:attachment":[{"href":"https:\/\/www.calafnuances.com\/fr\/wp-json\/wp\/v2\/media?parent=833"}],"wp:term":[{"taxonomy":"yst_prominent_words","embeddable":true,"href":"https:\/\/www.calafnuances.com\/fr\/wp-json\/wp\/v2\/yst_prominent_words?post=833"}],"curies":[{"name":"wp","href":"https:\/\/api.w.org\/{rel}","templated":true}]}}